{"id":1203,"date":"2022-10-24T14:35:05","date_gmt":"2022-10-24T12:35:05","guid":{"rendered":"https:\/\/mallorcahealthy.com\/viajes\/peru-y-bolivia-peregrinaje-sagrado\/"},"modified":"2023-11-27T10:57:11","modified_gmt":"2023-11-27T09:57:11","slug":"peru-und-bolivien-heilige-pilgerreise","status":"publish","type":"page","link":"https:\/\/mallorcahealthy.com\/de\/reisen\/peru-und-bolivien-heilige-pilgerreise\/","title":{"rendered":"Heiliges Peru und Bolivien"},"content":{"rendered":"<p>[vc_row content_placement=&#8221;middle&#8221; css=&#8221;.vc_custom_1667388849395{margin-top: 50px !important;margin-bottom: 0px !important;}&#8221;][vc_column width=&#8221;1\/2&#8243;][vc_single_image image=&#8221;748&#8243; img_size=&#8221;full&#8221; alignment=&#8221;center&#8221;][\/vc_column][vc_column width=&#8221;1\/2&#8243;][vc_custom_heading text=&#8221;Peru und Bolivien: Heilige Pilgerreise&#8221; font_container=&#8221;tag:h2|font_size:3em|text_align:left|color:%23dcb47e|line_height:1&#8243; google_fonts=&#8221;font_family:Playfair%20Display%3Aregular%2Citalic%2C700%2C700italic%2C900%2C900italic|font_style:400%20italic%3A400%3Aitalic&#8221; el_class=&#8221;movil-center&#8221;][vc_column_text el_class=&#8221;movil-center&#8221;]Auf dieser Reise haben Sie die gro\u00dfartige Gelegenheit, in Begleitung des h\u00f6chsten Vertreters der Andenkultur, Gro\u00dfvater Vidal, zu verschiedenen heiligen Orten in Peru und Bolivien zu pilgern, die mit Heilkr\u00e4ften und Mystik, mit magischem und transzendentem Charakter in Verbindung gebracht werden.<\/p>\n<p>Peru gilt als das beste Land der Welt, was die Gastronomie betrifft, und aus diesem Grund darf ein Kochworkshop mit typisch peruanischen Gerichten, bei dem die \u00f6kologische und lokale K\u00fcche genossen wird, im Programm nicht fehlen. Der Workshop findet an einem der emblematischsten Orte auf der Plaza de Cuzco statt.<\/p>\n<p>Wir werden in die Kultur der Anden eintauchen, indigene Kollektive besuchen und das Zusammenleben in einer spirituellen Gemeinschaft erleben, Temascali oder die Heilung durch die 4 Elemente, Verbindungsrituale und Opfergaben an die Pachamama als verschiedene Aktivit\u00e4ten genie\u00dfen, die uns mit Mutter Erde verbinden.<\/p>\n<p>Einen Beitrag zu einem regenerativen, alternativen und keineswegs touristischen Tourismus leisten.<\/p>\n<p>Es ist eine intensive, heilige, magische und spirituelle Reise, auf der wir an den 4 Grundpfeilern arbeiten, die heute essentiell sind: St\u00e4rkung, Verbindung, Ern\u00e4hrung und Reinigung.[\/vc_column_text][\/vc_column][\/vc_row][vc_row content_placement=&#8221;middle&#8221; css=&#8221;.vc_custom_1667388857016{margin-bottom: 50px !important;}&#8221;][vc_column][vc_column_text el_class=&#8221;movil-center&#8221;]Der Besuch von Machu Pichu, dem Berg der 7 Farben, die Salzebene von Uyuni in Bolivien, der Titicacasee, der h\u00f6chstgelegene schiffbare See der Welt und viele andere Orte von bewundernswerter Sch\u00f6nheit, die Sie zweifellos \u00fcberraschen werden.[\/vc_column_text][vc_row_inner][vc_column_inner width=&#8221;1\/4&#8243;][\/vc_column_inner][vc_column_inner width=&#8221;1\/4&#8243;][vc_btn title=&#8221;Buchen&#8221; style=&#8221;custom&#8221; custom_background=&#8221;#dcb47e&#8221; custom_text=&#8221;#222222&#8243; shape=&#8221;square&#8221; align=&#8221;center&#8221; button_block=&#8221;true&#8221; link=&#8221;url:%23contacto&#8221;][\/vc_column_inner][vc_column_inner width=&#8221;1\/4&#8243;][vc_btn title=&#8221;Zur\u00fcck Zu Reisen&#8221; style=&#8221;custom&#8221; custom_background=&#8221;#dcb47e&#8221; custom_text=&#8221;#222222&#8243; shape=&#8221;square&#8221; align=&#8221;center&#8221; button_block=&#8221;true&#8221; link=&#8221;url:https%3A%2F%2Fmallorcahealthy.com%2Fde%2Freisen%2F|title:Reisen&#8221;][\/vc_column_inner][vc_column_inner width=&#8221;1\/4&#8243;][\/vc_column_inner][\/vc_row_inner][\/vc_column][\/vc_row][vc_row full_width=&#8221;stretch_row_content_no_spaces&#8221;][vc_column][vc_masonry_media_grid gap=&#8221;20&#8243; initial_loading_animation=&#8221;none&#8221; grid_id=&#8221;vc_gid:1701079011674-63bbe4ef-dbf4-3&#8243; include=&#8221;1012,1006,1009&#8243;][\/vc_column][\/vc_row][vc_row full_width=&#8221;stretch_row_content&#8221; css=&#8221;.vc_custom_1667388139739{background-position: 0 0 !important;background-repeat: repeat !important;}&#8221; el_id=&#8221;contacto&#8221;][vc_column css=&#8221;.vc_custom_1667388285552{margin-bottom: 0px !important;padding-top: 100px !important;padding-bottom: 65px !important;background-image: url(https:\/\/mallorcahealthy.com\/wp-content\/uploads\/2017\/11\/bg2.png?id=57) !important;background-position: 0 0 !important;background-repeat: repeat !important;}&#8221; offset=&#8221;vc_hidden-sm vc_hidden-xs&#8221;][vc_row_inner equal_height=&#8221;yes&#8221;][vc_column_inner width=&#8221;1\/6&#8243;][\/vc_column_inner][vc_column_inner width=&#8221;2\/3&#8243;][vc_cta h2=&#8221;Noch Fragen offen&#8221; h2_font_container=&#8221;tag:h2|font_size:45px|text_align:center|color:%23dcb47e|line_height:1.2&#8243; h2_google_fonts=&#8221;font_family:Playfair%20Display%3Aregular%2Citalic%2C700%2C700italic%2C900%2C900italic|font_style:400%20italic%3A400%3Aitalic&#8221; h4=&#8221;Kontaktieren Sie uns, es wird uns eine Freude sein Ihnen zu helfen.&#8221; txt_align=&#8221;center&#8221; shape=&#8221;square&#8221; style=&#8221;custom&#8221; el_width=&#8221;md&#8221; use_custom_fonts_h2=&#8221;true&#8221; custom_background=&#8221;rgba(0,0,0,0.01)&#8221; css=&#8221;.vc_custom_1670920014589{border-top-width: 0px !important;border-right-width: 0px !important;border-bottom-width: 0px !important;border-left-width: 0px !important;padding-top: 60px !important;padding-right: 60px !important;padding-bottom: 60px !important;padding-left: 60px !important;background-color: #263238 !important;border-left-style: none !important;border-right-style: none !important;border-top-style: none !important;border-bottom-style: none !important;}&#8221; custom_text=&#8221;#dcb47e&#8221;]<\/p>\n<article class=\"byt_address_widget BookYourTravel_Address_Widget\" style=\"padding-bottom: 30px;\"><em><i class=\"material-icons md-16\">place<\/i><\/em> Moliners 1, 1 ero A, 07001 Palma de Mallorca, Islas Baleares<em><br \/>\n<i class=\"material-icons md-16\">email<\/i><\/em> <a id=\"mail001\" title=\"hola@fidelc26.sg-host.com\" href=\"mailto:hola@fidelc26.sg-host.com\">hola@fidelc26.sg-host.com<\/a><\/article>\n<div class=\"wpcf7 no-js\" id=\"wpcf7-f1169-o1\" lang=\"de-DE\" dir=\"ltr\" data-wpcf7-id=\"1169\">\n<div class=\"screen-reader-response\"><p role=\"status\" aria-live=\"polite\" aria-atomic=\"true\"><\/p> <ul><\/ul><\/div>\n<form action=\"\/de\/wp-json\/wp\/v2\/pages\/1203#wpcf7-f1169-o1\" method=\"post\" class=\"wpcf7-form init\" aria-label=\"Contact form\" novalidate=\"novalidate\" data-status=\"init\">\n<fieldset class=\"hidden-fields-container\"><input type=\"hidden\" name=\"_wpcf7\" value=\"1169\" \/><input type=\"hidden\" name=\"_wpcf7_version\" value=\"6.1.5\" \/><input type=\"hidden\" name=\"_wpcf7_locale\" value=\"de_DE\" \/><input type=\"hidden\" name=\"_wpcf7_unit_tag\" value=\"wpcf7-f1169-o1\" \/><input type=\"hidden\" name=\"_wpcf7_container_post\" value=\"0\" \/><input type=\"hidden\" name=\"_wpcf7_posted_data_hash\" value=\"\" \/>\n<\/fieldset>\n<div id=\"responsive-form\" class=\"clearfix\">\n\t<div class=\"form-row\">\n\t\t<div class=\"column-half\">\n\t\t\t<p><span class=\"wpcf7-form-control-wrap\" data-name=\"first-name\"><input size=\"40\" maxlength=\"400\" class=\"wpcf7-form-control wpcf7-text wpcf7-validates-as-required\" aria-required=\"true\" aria-invalid=\"false\" placeholder=\"Name\" value=\"\" type=\"text\" name=\"first-name\" \/><\/span>\n\t\t\t<\/p>\n\t\t<\/div>\n\t\t<div class=\"column-half\">\n\t\t\t<p><span class=\"wpcf7-form-control-wrap\" data-name=\"last-name\"><input size=\"40\" maxlength=\"400\" class=\"wpcf7-form-control wpcf7-text wpcf7-validates-as-required\" aria-required=\"true\" aria-invalid=\"false\" placeholder=\"Nachnamen\" value=\"\" type=\"text\" name=\"last-name\" \/><\/span>\n\t\t\t<\/p>\n\t\t<\/div>\n\t<\/div>\n\t<div class=\"form-row\">\n\t\t<div class=\"column-half\">\n\t\t\t<p><span class=\"wpcf7-form-control-wrap\" data-name=\"your-email\"><input size=\"40\" maxlength=\"400\" class=\"wpcf7-form-control wpcf7-email wpcf7-validates-as-required wpcf7-text wpcf7-validates-as-email\" aria-required=\"true\" aria-invalid=\"false\" placeholder=\"Email\" value=\"\" type=\"email\" name=\"your-email\" \/><\/span>\n\t\t\t<\/p>\n\t\t<\/div>\n\t\t<div class=\"column-half\">\n\t\t\t<p><span class=\"wpcf7-form-control-wrap\" data-name=\"your-phone\"><input size=\"40\" maxlength=\"400\" class=\"wpcf7-form-control wpcf7-text wpcf7-validates-as-required\" aria-required=\"true\" aria-invalid=\"false\" placeholder=\"Telefon\" value=\"\" type=\"text\" name=\"your-phone\" \/><\/span>\n\t\t\t<\/p>\n\t\t<\/div>\n\t<\/div>\n\t<div class=\"form-row\">\n\t\t<div class=\"column-full\">\n\t\t\t<p><span class=\"wpcf7-form-control-wrap\" data-name=\"your-message\"><textarea cols=\"40\" rows=\"10\" maxlength=\"2000\" class=\"wpcf7-form-control wpcf7-textarea\" aria-invalid=\"false\" placeholder=\"Ihre nachricht\" name=\"your-message\"><\/textarea><\/span>\n\t\t\t<\/p>\n\t\t<\/div>\n\t<\/div>\n\t<div class=\"form-row\">\n\t\t<div class=\"column-full\">\n\t\t\t<p><span class=\"wpcf7-form-control-wrap\" data-name=\"acceptance-932\"><span class=\"wpcf7-form-control wpcf7-acceptance\"><span class=\"wpcf7-list-item\"><label><input type=\"checkbox\" name=\"acceptance-932\" value=\"1\" aria-invalid=\"false\" \/><span class=\"wpcf7-list-item-label\">Ich habe die Nutzungsbedingungen und die <a href=\"\/politicas-de-privacidad\/\">Datenschutzrichtlinie gelesen und akzeptiere sie<\/a><\/span><\/label><\/span><\/span><\/span>\n\t\t\t<\/p>\n\t\t<\/div>\n\t<\/div>\n\t<div class=\"form-row\">\n\t\t<div class=\"column-full\">\n\t\t\t<p><input class=\"wpcf7-form-control wpcf7-submit has-spinner\" type=\"submit\" value=\"Senden\" \/>\n\t\t\t<\/p>\n\t\t<\/div>\n\t<\/div>\n<\/div><!--end responsive-form--><div class=\"wpcf7-response-output\" aria-hidden=\"true\"><\/div>\n<\/form>\n<\/div>\n[\/vc_cta][\/vc_column_inner][vc_column_inner width=&#8221;1\/6&#8243;][\/vc_column_inner][\/vc_row_inner][\/vc_column][\/vc_row][vc_row full_width=&#8221;stretch_row_content&#8221; css=&#8221;.vc_custom_1667388295130{background-position: 0 0 !important;background-repeat: repeat !important;}&#8221; el_id=&#8221;contacto&#8221;][vc_column css=&#8221;.vc_custom_1667388405041{margin-bottom: 0px !important;padding-top: 50px !important;padding-bottom: 25px !important;background-image: url(https:\/\/mallorcahealthy.com\/wp-content\/uploads\/2017\/11\/bg2.png?id=57) !important;background-position: 0 0 !important;background-repeat: repeat !important;}&#8221; offset=&#8221;vc_hidden-lg vc_hidden-md&#8221;][vc_row_inner equal_height=&#8221;yes&#8221;][vc_column_inner][vc_cta h2=&#8221;Noch Fragen offen&#8221; h2_font_container=&#8221;tag:h2|font_size:45px|text_align:center|color:%23dcb47e|line_height:1.2&#8243; h2_google_fonts=&#8221;font_family:Playfair%20Display%3Aregular%2Citalic%2C700%2C700italic%2C900%2C900italic|font_style:400%20italic%3A400%3Aitalic&#8221; h4=&#8221;Kontaktieren Sie uns, es wird uns eine Freude sein Ihnen zu helfen.&#8221; txt_align=&#8221;center&#8221; shape=&#8221;square&#8221; style=&#8221;custom&#8221; el_width=&#8221;xl&#8221; use_custom_fonts_h2=&#8221;true&#8221; custom_background=&#8221;rgba(0,0,0,0.01)&#8221; css=&#8221;.vc_custom_1670920033992{border-top-width: 0px !important;border-right-width: 0px !important;border-bottom-width: 0px !important;border-left-width: 0px !important;padding-top: 30px !important;padding-right: 30px !important;padding-bottom: 30px !important;padding-left: 30px !important;background-color: #263238 !important;border-left-style: none !important;border-right-style: none !important;border-top-style: none !important;border-bottom-style: none !important;}&#8221; custom_text=&#8221;#dcb47e&#8221;]<\/p>\n<article class=\"byt_address_widget BookYourTravel_Address_Widget\" style=\"padding-bottom: 30px;\"><em><i class=\"material-icons md-16\">place<\/i><\/em> Moliners 1, 1 ero A, 07001 Palma de Mallorca, Islas Baleares<em><br \/>\n<i class=\"material-icons md-16\">email<\/i><\/em> <a id=\"mail001\" title=\"hola@fidelc26.sg-host.com\" href=\"mailto:hola@fidelc26.sg-host.com\">hola@fidelc26.sg-host.com<\/a><\/article>\n<div class=\"wpcf7 no-js\" id=\"wpcf7-f1169-o2\" lang=\"de-DE\" dir=\"ltr\" data-wpcf7-id=\"1169\">\n<div class=\"screen-reader-response\"><p role=\"status\" aria-live=\"polite\" aria-atomic=\"true\"><\/p> <ul><\/ul><\/div>\n<form action=\"\/de\/wp-json\/wp\/v2\/pages\/1203#wpcf7-f1169-o2\" method=\"post\" class=\"wpcf7-form init\" aria-label=\"Contact form\" novalidate=\"novalidate\" data-status=\"init\">\n<fieldset class=\"hidden-fields-container\"><input type=\"hidden\" name=\"_wpcf7\" value=\"1169\" \/><input type=\"hidden\" name=\"_wpcf7_version\" value=\"6.1.5\" \/><input type=\"hidden\" name=\"_wpcf7_locale\" value=\"de_DE\" \/><input type=\"hidden\" name=\"_wpcf7_unit_tag\" value=\"wpcf7-f1169-o2\" \/><input type=\"hidden\" name=\"_wpcf7_container_post\" value=\"0\" \/><input type=\"hidden\" name=\"_wpcf7_posted_data_hash\" value=\"\" \/>\n<\/fieldset>\n<div id=\"responsive-form\" class=\"clearfix\">\n\t<div class=\"form-row\">\n\t\t<div class=\"column-half\">\n\t\t\t<p><span class=\"wpcf7-form-control-wrap\" data-name=\"first-name\"><input size=\"40\" maxlength=\"400\" class=\"wpcf7-form-control wpcf7-text wpcf7-validates-as-required\" aria-required=\"true\" aria-invalid=\"false\" placeholder=\"Name\" value=\"\" type=\"text\" name=\"first-name\" \/><\/span>\n\t\t\t<\/p>\n\t\t<\/div>\n\t\t<div class=\"column-half\">\n\t\t\t<p><span class=\"wpcf7-form-control-wrap\" data-name=\"last-name\"><input size=\"40\" maxlength=\"400\" class=\"wpcf7-form-control wpcf7-text wpcf7-validates-as-required\" aria-required=\"true\" aria-invalid=\"false\" placeholder=\"Nachnamen\" value=\"\" type=\"text\" name=\"last-name\" \/><\/span>\n\t\t\t<\/p>\n\t\t<\/div>\n\t<\/div>\n\t<div class=\"form-row\">\n\t\t<div class=\"column-half\">\n\t\t\t<p><span class=\"wpcf7-form-control-wrap\" data-name=\"your-email\"><input size=\"40\" maxlength=\"400\" class=\"wpcf7-form-control wpcf7-email wpcf7-validates-as-required wpcf7-text wpcf7-validates-as-email\" aria-required=\"true\" aria-invalid=\"false\" placeholder=\"Email\" value=\"\" type=\"email\" name=\"your-email\" \/><\/span>\n\t\t\t<\/p>\n\t\t<\/div>\n\t\t<div class=\"column-half\">\n\t\t\t<p><span class=\"wpcf7-form-control-wrap\" data-name=\"your-phone\"><input size=\"40\" maxlength=\"400\" class=\"wpcf7-form-control wpcf7-text wpcf7-validates-as-required\" aria-required=\"true\" aria-invalid=\"false\" placeholder=\"Telefon\" value=\"\" type=\"text\" name=\"your-phone\" \/><\/span>\n\t\t\t<\/p>\n\t\t<\/div>\n\t<\/div>\n\t<div class=\"form-row\">\n\t\t<div class=\"column-full\">\n\t\t\t<p><span class=\"wpcf7-form-control-wrap\" data-name=\"your-message\"><textarea cols=\"40\" rows=\"10\" maxlength=\"2000\" class=\"wpcf7-form-control wpcf7-textarea\" aria-invalid=\"false\" placeholder=\"Ihre nachricht\" name=\"your-message\"><\/textarea><\/span>\n\t\t\t<\/p>\n\t\t<\/div>\n\t<\/div>\n\t<div class=\"form-row\">\n\t\t<div class=\"column-full\">\n\t\t\t<p><span class=\"wpcf7-form-control-wrap\" data-name=\"acceptance-932\"><span class=\"wpcf7-form-control wpcf7-acceptance\"><span class=\"wpcf7-list-item\"><label><input type=\"checkbox\" name=\"acceptance-932\" value=\"1\" aria-invalid=\"false\" \/><span class=\"wpcf7-list-item-label\">Ich habe die Nutzungsbedingungen und die <a href=\"\/politicas-de-privacidad\/\">Datenschutzrichtlinie gelesen und akzeptiere sie<\/a><\/span><\/label><\/span><\/span><\/span>\n\t\t\t<\/p>\n\t\t<\/div>\n\t<\/div>\n\t<div class=\"form-row\">\n\t\t<div class=\"column-full\">\n\t\t\t<p><input class=\"wpcf7-form-control wpcf7-submit has-spinner\" type=\"submit\" value=\"Senden\" \/>\n\t\t\t<\/p>\n\t\t<\/div>\n\t<\/div>\n<\/div><!--end responsive-form--><div class=\"wpcf7-response-output\" aria-hidden=\"true\"><\/div>\n<\/form>\n<\/div>\n[\/vc_cta][\/vc_column_inner][\/vc_row_inner][\/vc_column][\/vc_row]<\/p>\n","protected":false},"excerpt":{"rendered":"<p>[vc_row content_placement=&#8221;middle&#8221; css=&#8221;.vc_custom_1667388849395{margin-top: 50px !important;margin-bottom: 0px !important;}&#8221;][vc_column width=&#8221;1\/2&#8243;][vc_single_image image=&#8221;748&#8243; img_size=&#8221;full&#8221; alignment=&#8221;center&#8221;][\/vc_column][vc_column width=&#8221;1\/2&#8243;][vc_custom_heading text=&#8221;Peru und Bolivien: Heilige Pilgerreise&#8221; font_container=&#8221;tag:h2|font_size:3em|text_align:left|color:%23dcb47e|line_height:1&#8243; google_fonts=&#8221;font_family:Playfair%20Display%3Aregular%2Citalic%2C700%2C700italic%2C900%2C900italic|font_style:400%20italic%3A400%3Aitalic&#8221; el_class=&#8221;movil-center&#8221;][vc_column_text el_class=&#8221;movil-center&#8221;]Auf dieser Reise haben Sie die gro\u00dfartige Gelegenheit, in Begleitung des h\u00f6chsten Vertreters der Andenkultur, Gro\u00dfvater Vidal, zu verschiedenen heiligen Orten in Peru und Bolivien zu pilgern, die mit Heilkr\u00e4ften und Mystik, mit magischem und [&hellip;]<\/p>\n","protected":false},"author":27,"featured_media":0,"parent":1184,"menu_order":0,"comment_status":"closed","ping_status":"closed","template":"page-blank.php","meta":{"_joinchat":[],"footnotes":""},"class_list":["post-1203","page","type-page","status-publish","hentry"],"yoast_head":"<!-- This site is optimized with the Yoast SEO plugin v27.2 - https:\/\/yoast.com\/product\/yoast-seo-wordpress\/ -->\n<title>Heiliges Peru und Bolivien - Mallorca Healthy<\/title>\n<meta name=\"robots\" content=\"index, follow, max-snippet:-1, max-image-preview:large, max-video-preview:-1\" \/>\n<link rel=\"canonical\" href=\"https:\/\/mallorcahealthy.com\/de\/reisen\/peru-und-bolivien-heilige-pilgerreise\/\" \/>\n<meta property=\"og:locale\" content=\"de_DE\" \/>\n<meta property=\"og:type\" content=\"article\" \/>\n<meta property=\"og:title\" content=\"Heiliges Peru und Bolivien - Mallorca Healthy\" \/>\n<meta property=\"og:description\" content=\"[vc_row content_placement=&#8221;middle&#8221; css=&#8221;.vc_custom_1667388849395{margin-top: 50px !important;margin-bottom: 0px !important;}&#8221;][vc_column width=&#8221;1\/2&#8243;][vc_single_image image=&#8221;748&#8243; img_size=&#8221;full&#8221; alignment=&#8221;center&#8221;][\/vc_column][vc_column width=&#8221;1\/2&#8243;][vc_custom_heading text=&#8221;Peru und Bolivien: Heilige Pilgerreise&#8221; font_container=&#8221;tag:h2|font_size:3em|text_align:left|color:%23dcb47e|line_height:1&#8243; google_fonts=&#8221;font_family:Playfair%20Display%3Aregular%2Citalic%2C700%2C700italic%2C900%2C900italic|font_style:400%20italic%3A400%3Aitalic&#8221; el_class=&#8221;movil-center&#8221;][vc_column_text el_class=&#8221;movil-center&#8221;]Auf dieser Reise haben Sie die gro\u00dfartige Gelegenheit, in Begleitung des h\u00f6chsten Vertreters der Andenkultur, Gro\u00dfvater Vidal, zu verschiedenen heiligen Orten in Peru und Bolivien zu pilgern, die mit Heilkr\u00e4ften und Mystik, mit magischem und [&hellip;]\" \/>\n<meta property=\"og:url\" content=\"https:\/\/mallorcahealthy.com\/de\/reisen\/peru-und-bolivien-heilige-pilgerreise\/\" \/>\n<meta property=\"og:site_name\" content=\"Mallorca Healthy\" \/>\n<meta property=\"article:modified_time\" content=\"2023-11-27T09:57:11+00:00\" \/>\n<meta property=\"og:image\" content=\"https:\/\/mallorcahealthy.com\/wp-content\/uploads\/2023\/01\/Logo-Mallorca-Healthy-social-fav.png\" \/>\n\t<meta property=\"og:image:width\" content=\"1000\" \/>\n\t<meta property=\"og:image:height\" content=\"500\" \/>\n\t<meta property=\"og:image:type\" content=\"image\/png\" \/>\n<meta name=\"twitter:card\" content=\"summary_large_image\" \/>\n<meta name=\"twitter:label1\" content=\"Est. reading time\" \/>\n\t<meta name=\"twitter:data1\" content=\"3 minutes\" \/>\n<script type=\"application\/ld+json\" class=\"yoast-schema-graph\">{\"@context\":\"https:\/\/schema.org\",\"@graph\":[{\"@type\":\"WebPage\",\"@id\":\"https:\/\/mallorcahealthy.com\/de\/reisen\/peru-und-bolivien-heilige-pilgerreise\/\",\"url\":\"https:\/\/mallorcahealthy.com\/de\/reisen\/peru-und-bolivien-heilige-pilgerreise\/\",\"name\":\"Heiliges Peru und Bolivien - Mallorca Healthy\",\"isPartOf\":{\"@id\":\"https:\/\/mallorcahealthy.com\/#website\"},\"datePublished\":\"2022-10-24T12:35:05+00:00\",\"dateModified\":\"2023-11-27T09:57:11+00:00\",\"breadcrumb\":{\"@id\":\"https:\/\/mallorcahealthy.com\/de\/reisen\/peru-und-bolivien-heilige-pilgerreise\/#breadcrumb\"},\"inLanguage\":\"de-DE\",\"potentialAction\":[{\"@type\":\"ReadAction\",\"target\":[\"https:\/\/mallorcahealthy.com\/de\/reisen\/peru-und-bolivien-heilige-pilgerreise\/\"]}]},{\"@type\":\"BreadcrumbList\",\"@id\":\"https:\/\/mallorcahealthy.com\/de\/reisen\/peru-und-bolivien-heilige-pilgerreise\/#breadcrumb\",\"itemListElement\":[{\"@type\":\"ListItem\",\"position\":1,\"name\":\"Home\",\"item\":\"https:\/\/mallorcahealthy.com\/de\/\"},{\"@type\":\"ListItem\",\"position\":2,\"name\":\"Reisen\",\"item\":\"https:\/\/mallorcahealthy.com\/de\/reisen\/\"},{\"@type\":\"ListItem\",\"position\":3,\"name\":\"Heiliges Peru und Bolivien\"}]},{\"@type\":\"WebSite\",\"@id\":\"https:\/\/mallorcahealthy.com\/#website\",\"url\":\"https:\/\/mallorcahealthy.com\/\",\"name\":\"Mallorca Healthy\",\"description\":\"By Kika Mas\",\"publisher\":{\"@id\":\"https:\/\/mallorcahealthy.com\/#organization\"},\"potentialAction\":[{\"@type\":\"SearchAction\",\"target\":{\"@type\":\"EntryPoint\",\"urlTemplate\":\"https:\/\/mallorcahealthy.com\/?s={search_term_string}\"},\"query-input\":{\"@type\":\"PropertyValueSpecification\",\"valueRequired\":true,\"valueName\":\"search_term_string\"}}],\"inLanguage\":\"de-DE\"},{\"@type\":\"Organization\",\"@id\":\"https:\/\/mallorcahealthy.com\/#organization\",\"name\":\"Mallorca Healthy\",\"url\":\"https:\/\/mallorcahealthy.com\/\",\"logo\":{\"@type\":\"ImageObject\",\"inLanguage\":\"de-DE\",\"@id\":\"https:\/\/mallorcahealthy.com\/#\/schema\/logo\/image\/\",\"url\":\"https:\/\/mallorcahealthy.com\/wp-content\/uploads\/2022\/11\/Logo-Mallorca-Healthy-1.png\",\"contentUrl\":\"https:\/\/mallorcahealthy.com\/wp-content\/uploads\/2022\/11\/Logo-Mallorca-Healthy-1.png\",\"width\":450,\"height\":175,\"caption\":\"Mallorca Healthy\"},\"image\":{\"@id\":\"https:\/\/mallorcahealthy.com\/#\/schema\/logo\/image\/\"}}]}<\/script>\n<!-- \/ Yoast SEO plugin. -->","yoast_head_json":{"title":"Heiliges Peru und Bolivien - Mallorca Healthy","robots":{"index":"index","follow":"follow","max-snippet":"max-snippet:-1","max-image-preview":"max-image-preview:large","max-video-preview":"max-video-preview:-1"},"canonical":"https:\/\/mallorcahealthy.com\/de\/reisen\/peru-und-bolivien-heilige-pilgerreise\/","og_locale":"de_DE","og_type":"article","og_title":"Heiliges Peru und Bolivien - Mallorca Healthy","og_description":"[vc_row content_placement=&#8221;middle&#8221; css=&#8221;.vc_custom_1667388849395{margin-top: 50px !important;margin-bottom: 0px !important;}&#8221;][vc_column width=&#8221;1\/2&#8243;][vc_single_image image=&#8221;748&#8243; img_size=&#8221;full&#8221; alignment=&#8221;center&#8221;][\/vc_column][vc_column width=&#8221;1\/2&#8243;][vc_custom_heading text=&#8221;Peru und Bolivien: Heilige Pilgerreise&#8221; font_container=&#8221;tag:h2|font_size:3em|text_align:left|color:%23dcb47e|line_height:1&#8243; google_fonts=&#8221;font_family:Playfair%20Display%3Aregular%2Citalic%2C700%2C700italic%2C900%2C900italic|font_style:400%20italic%3A400%3Aitalic&#8221; el_class=&#8221;movil-center&#8221;][vc_column_text el_class=&#8221;movil-center&#8221;]Auf dieser Reise haben Sie die gro\u00dfartige Gelegenheit, in Begleitung des h\u00f6chsten Vertreters der Andenkultur, Gro\u00dfvater Vidal, zu verschiedenen heiligen Orten in Peru und Bolivien zu pilgern, die mit Heilkr\u00e4ften und Mystik, mit magischem und [&hellip;]","og_url":"https:\/\/mallorcahealthy.com\/de\/reisen\/peru-und-bolivien-heilige-pilgerreise\/","og_site_name":"Mallorca Healthy","article_modified_time":"2023-11-27T09:57:11+00:00","og_image":[{"width":1000,"height":500,"url":"https:\/\/mallorcahealthy.com\/wp-content\/uploads\/2023\/01\/Logo-Mallorca-Healthy-social-fav.png","type":"image\/png"}],"twitter_card":"summary_large_image","twitter_misc":{"Est. reading time":"3 minutes"},"schema":{"@context":"https:\/\/schema.org","@graph":[{"@type":"WebPage","@id":"https:\/\/mallorcahealthy.com\/de\/reisen\/peru-und-bolivien-heilige-pilgerreise\/","url":"https:\/\/mallorcahealthy.com\/de\/reisen\/peru-und-bolivien-heilige-pilgerreise\/","name":"Heiliges Peru und Bolivien - Mallorca Healthy","isPartOf":{"@id":"https:\/\/mallorcahealthy.com\/#website"},"datePublished":"2022-10-24T12:35:05+00:00","dateModified":"2023-11-27T09:57:11+00:00","breadcrumb":{"@id":"https:\/\/mallorcahealthy.com\/de\/reisen\/peru-und-bolivien-heilige-pilgerreise\/#breadcrumb"},"inLanguage":"de-DE","potentialAction":[{"@type":"ReadAction","target":["https:\/\/mallorcahealthy.com\/de\/reisen\/peru-und-bolivien-heilige-pilgerreise\/"]}]},{"@type":"BreadcrumbList","@id":"https:\/\/mallorcahealthy.com\/de\/reisen\/peru-und-bolivien-heilige-pilgerreise\/#breadcrumb","itemListElement":[{"@type":"ListItem","position":1,"name":"Home","item":"https:\/\/mallorcahealthy.com\/de\/"},{"@type":"ListItem","position":2,"name":"Reisen","item":"https:\/\/mallorcahealthy.com\/de\/reisen\/"},{"@type":"ListItem","position":3,"name":"Heiliges Peru und Bolivien"}]},{"@type":"WebSite","@id":"https:\/\/mallorcahealthy.com\/#website","url":"https:\/\/mallorcahealthy.com\/","name":"Mallorca Healthy","description":"By Kika Mas","publisher":{"@id":"https:\/\/mallorcahealthy.com\/#organization"},"potentialAction":[{"@type":"SearchAction","target":{"@type":"EntryPoint","urlTemplate":"https:\/\/mallorcahealthy.com\/?s={search_term_string}"},"query-input":{"@type":"PropertyValueSpecification","valueRequired":true,"valueName":"search_term_string"}}],"inLanguage":"de-DE"},{"@type":"Organization","@id":"https:\/\/mallorcahealthy.com\/#organization","name":"Mallorca Healthy","url":"https:\/\/mallorcahealthy.com\/","logo":{"@type":"ImageObject","inLanguage":"de-DE","@id":"https:\/\/mallorcahealthy.com\/#\/schema\/logo\/image\/","url":"https:\/\/mallorcahealthy.com\/wp-content\/uploads\/2022\/11\/Logo-Mallorca-Healthy-1.png","contentUrl":"https:\/\/mallorcahealthy.com\/wp-content\/uploads\/2022\/11\/Logo-Mallorca-Healthy-1.png","width":450,"height":175,"caption":"Mallorca Healthy"},"image":{"@id":"https:\/\/mallorcahealthy.com\/#\/schema\/logo\/image\/"}}]}},"_links":{"self":[{"href":"https:\/\/mallorcahealthy.com\/de\/wp-json\/wp\/v2\/pages\/1203","targetHints":{"allow":["GET"]}}],"collection":[{"href":"https:\/\/mallorcahealthy.com\/de\/wp-json\/wp\/v2\/pages"}],"about":[{"href":"https:\/\/mallorcahealthy.com\/de\/wp-json\/wp\/v2\/types\/page"}],"author":[{"embeddable":true,"href":"https:\/\/mallorcahealthy.com\/de\/wp-json\/wp\/v2\/users\/27"}],"replies":[{"embeddable":true,"href":"https:\/\/mallorcahealthy.com\/de\/wp-json\/wp\/v2\/comments?post=1203"}],"version-history":[{"count":0,"href":"https:\/\/mallorcahealthy.com\/de\/wp-json\/wp\/v2\/pages\/1203\/revisions"}],"up":[{"embeddable":true,"href":"https:\/\/mallorcahealthy.com\/de\/wp-json\/wp\/v2\/pages\/1184"}],"wp:attachment":[{"href":"https:\/\/mallorcahealthy.com\/de\/wp-json\/wp\/v2\/media?parent=1203"}],"curies":[{"name":"wp","href":"https:\/\/api.w.org\/{rel}","templated":true}]}}