{"id":1221,"date":"2022-11-18T08:52:59","date_gmt":"2022-11-18T07:52:59","guid":{"rendered":"https:\/\/mallorcahealthy.com\/viajes\/detox-digital-en-monasterio-de-italia\/"},"modified":"2023-11-27T10:59:49","modified_gmt":"2023-11-27T09:59:49","slug":"digitaler-entzug-in-einem-kloster-in-italien","status":"publish","type":"page","link":"https:\/\/mallorcahealthy.com\/de\/reisen\/digitaler-entzug-in-einem-kloster-in-italien\/","title":{"rendered":"Digitaler Entzug in einem Kloster in Italien"},"content":{"rendered":"<p>[vc_row content_placement=&#8221;middle&#8221; css=&#8221;.vc_custom_1667388800776{margin-top: 50px !important;margin-bottom: 50px !important;}&#8221;][vc_column width=&#8221;1\/2&#8243;][vc_single_image image=&#8221;1019&#8243; img_size=&#8221;full&#8221; alignment=&#8221;center&#8221;][\/vc_column][vc_column width=&#8221;1\/2&#8243;][vc_custom_heading text=&#8221;Digitaler Entzug in einem Kloster in Italien&#8221; font_container=&#8221;tag:h2|font_size:3em|text_align:left|color:%23dcb47e|line_height:1&#8243; google_fonts=&#8221;font_family:Playfair%20Display%3Aregular%2Citalic%2C700%2C700italic%2C900%2C900italic|font_style:400%20italic%3A400%3Aitalic&#8221; el_class=&#8221;movil-center&#8221;][vc_column_text el_class=&#8221;movil-center&#8221;]Ein einzigartiger Ort, an dem Luxus das Wort ist, das diesen Raum am besten beschreibt, ein besonderes Kloster, in dem Sie einige Tage der Erholung und Entspannung verbringen k\u00f6nnen, weit weg vom L\u00e4rm des Alltags, in majest\u00e4tischer Abgeschiedenheit gelegen gegen\u00fcber dem Unesco- Biosph\u00e4renreservat.<\/p>\n<p>Umgeben von majest\u00e4tischen W\u00e4ldern, wo Sie nicht nur die R\u00e4ume des Klosters, sondern auch seine besondere, weltweit einzigartige Umgebung genie\u00dfen k\u00f6nnen.<\/p>\n<p>Es geh\u00f6rt zu den renommiertesten \u00d6ko-Hotels der Welt und ist der perfekte Ort f\u00fcr alle, die vom Alltag abschalten m\u00f6chten.<\/p>\n<p>Es bewahrt die Essenz der alten Kl\u00f6ster, in denen die Zeit stehen geblieben ist.<\/p>\n<p>Hier kann man den neuen Luxus des dritten Jahrtausends genie\u00dfen, die Verbindung von \u00d6kologie und Spiritualit\u00e4t.<\/p>\n<p>Es ist eine sehr empfehlenswerte Erfahrung die Stille zu genie\u00dfen und jeden Moment, ohne die St\u00f6rungen zu erleben, die durch die Besch\u00e4ftigung mit elektronischen Ger\u00e4ten entstehen.[\/vc_column_text][vc_row_inner][vc_column_inner width=&#8221;1\/2&#8243;][vc_btn title=&#8221;Buchen&#8221; style=&#8221;custom&#8221; custom_background=&#8221;#dcb47e&#8221; custom_text=&#8221;#222222&#8243; shape=&#8221;square&#8221; align=&#8221;center&#8221; button_block=&#8221;true&#8221; link=&#8221;url:%23contacto&#8221;][\/vc_column_inner][vc_column_inner width=&#8221;1\/2&#8243;][vc_btn title=&#8221;Zur\u00fcck Zu Reisen&#8221; style=&#8221;custom&#8221; custom_background=&#8221;#dcb47e&#8221; custom_text=&#8221;#222222&#8243; shape=&#8221;square&#8221; align=&#8221;center&#8221; button_block=&#8221;true&#8221; link=&#8221;url:https%3A%2F%2Fmallorcahealthy.com%2Fde%2Freisen%2F|title:Reisen&#8221;][\/vc_column_inner][\/vc_row_inner][\/vc_column][\/vc_row][vc_row full_width=&#8221;stretch_row_content_no_spaces&#8221;][vc_column][vc_masonry_media_grid gap=&#8221;20&#8243; initial_loading_animation=&#8221;none&#8221; grid_id=&#8221;vc_gid:1701079172026-db5d0cfe-b712-2&#8243; include=&#8221;1012,1006,1009&#8243;][\/vc_column][\/vc_row][vc_row full_width=&#8221;stretch_row_content&#8221; css=&#8221;.vc_custom_1667388139739{background-position: 0 0 !important;background-repeat: repeat !important;}&#8221; el_id=&#8221;contacto&#8221;][vc_column css=&#8221;.vc_custom_1667388285552{margin-bottom: 0px !important;padding-top: 100px !important;padding-bottom: 65px !important;background-image: url(https:\/\/mallorcahealthy.com\/wp-content\/uploads\/2017\/11\/bg2.png?id=57) !important;background-position: 0 0 !important;background-repeat: repeat !important;}&#8221; offset=&#8221;vc_hidden-sm vc_hidden-xs&#8221;][vc_row_inner equal_height=&#8221;yes&#8221;][vc_column_inner width=&#8221;1\/6&#8243;][\/vc_column_inner][vc_column_inner width=&#8221;2\/3&#8243;][vc_cta h2=&#8221;Noch Fragen offen&#8221; h2_font_container=&#8221;tag:h2|font_size:45px|text_align:center|color:%23dcb47e|line_height:1.2&#8243; h2_google_fonts=&#8221;font_family:Playfair%20Display%3Aregular%2Citalic%2C700%2C700italic%2C900%2C900italic|font_style:400%20italic%3A400%3Aitalic&#8221; h4=&#8221;Kontaktieren Sie uns, es wird uns eine Freude sein Ihnen zu helfen.&#8221; txt_align=&#8221;center&#8221; shape=&#8221;square&#8221; style=&#8221;custom&#8221; el_width=&#8221;md&#8221; use_custom_fonts_h2=&#8221;true&#8221; custom_background=&#8221;rgba(0,0,0,0.01)&#8221; css=&#8221;.vc_custom_1670922216772{border-top-width: 0px !important;border-right-width: 0px !important;border-bottom-width: 0px !important;border-left-width: 0px !important;padding-top: 60px !important;padding-right: 60px !important;padding-bottom: 60px !important;padding-left: 60px !important;background-color: #263238 !important;border-left-style: none !important;border-right-style: none !important;border-top-style: none !important;border-bottom-style: none !important;}&#8221; custom_text=&#8221;#dcb47e&#8221;]<\/p>\n<article class=\"byt_address_widget BookYourTravel_Address_Widget\" style=\"padding-bottom: 30px;\"><em><i class=\"material-icons md-16\">place<\/i><\/em> Moliners 1, 1 ero A, 07001 Palma de Mallorca, Islas Baleares<em><br \/>\n<i class=\"material-icons md-16\">email<\/i><\/em> <a id=\"mail001\" title=\"hola@fidelc26.sg-host.com\" href=\"mailto:hola@fidelc26.sg-host.com\">hola@fidelc26.sg-host.com<\/a><\/article>\n<div class=\"wpcf7 no-js\" id=\"wpcf7-f1169-o1\" lang=\"de-DE\" dir=\"ltr\" data-wpcf7-id=\"1169\">\n<div class=\"screen-reader-response\"><p role=\"status\" aria-live=\"polite\" aria-atomic=\"true\"><\/p> <ul><\/ul><\/div>\n<form action=\"\/de\/wp-json\/wp\/v2\/pages\/1221#wpcf7-f1169-o1\" method=\"post\" class=\"wpcf7-form init\" aria-label=\"Contact form\" novalidate=\"novalidate\" data-status=\"init\">\n<fieldset class=\"hidden-fields-container\"><input type=\"hidden\" name=\"_wpcf7\" value=\"1169\" \/><input type=\"hidden\" name=\"_wpcf7_version\" value=\"6.1.5\" \/><input type=\"hidden\" name=\"_wpcf7_locale\" value=\"de_DE\" \/><input type=\"hidden\" name=\"_wpcf7_unit_tag\" value=\"wpcf7-f1169-o1\" \/><input type=\"hidden\" name=\"_wpcf7_container_post\" value=\"0\" \/><input type=\"hidden\" name=\"_wpcf7_posted_data_hash\" value=\"\" \/>\n<\/fieldset>\n<div id=\"responsive-form\" class=\"clearfix\">\n\t<div class=\"form-row\">\n\t\t<div class=\"column-half\">\n\t\t\t<p><span class=\"wpcf7-form-control-wrap\" data-name=\"first-name\"><input size=\"40\" maxlength=\"400\" class=\"wpcf7-form-control wpcf7-text wpcf7-validates-as-required\" aria-required=\"true\" aria-invalid=\"false\" placeholder=\"Name\" value=\"\" type=\"text\" name=\"first-name\" \/><\/span>\n\t\t\t<\/p>\n\t\t<\/div>\n\t\t<div class=\"column-half\">\n\t\t\t<p><span class=\"wpcf7-form-control-wrap\" data-name=\"last-name\"><input size=\"40\" maxlength=\"400\" class=\"wpcf7-form-control wpcf7-text wpcf7-validates-as-required\" aria-required=\"true\" aria-invalid=\"false\" placeholder=\"Nachnamen\" value=\"\" type=\"text\" name=\"last-name\" \/><\/span>\n\t\t\t<\/p>\n\t\t<\/div>\n\t<\/div>\n\t<div class=\"form-row\">\n\t\t<div class=\"column-half\">\n\t\t\t<p><span class=\"wpcf7-form-control-wrap\" data-name=\"your-email\"><input size=\"40\" maxlength=\"400\" class=\"wpcf7-form-control wpcf7-email wpcf7-validates-as-required wpcf7-text wpcf7-validates-as-email\" aria-required=\"true\" aria-invalid=\"false\" placeholder=\"Email\" value=\"\" type=\"email\" name=\"your-email\" \/><\/span>\n\t\t\t<\/p>\n\t\t<\/div>\n\t\t<div class=\"column-half\">\n\t\t\t<p><span class=\"wpcf7-form-control-wrap\" data-name=\"your-phone\"><input size=\"40\" maxlength=\"400\" class=\"wpcf7-form-control wpcf7-text wpcf7-validates-as-required\" aria-required=\"true\" aria-invalid=\"false\" placeholder=\"Telefon\" value=\"\" type=\"text\" name=\"your-phone\" \/><\/span>\n\t\t\t<\/p>\n\t\t<\/div>\n\t<\/div>\n\t<div class=\"form-row\">\n\t\t<div class=\"column-full\">\n\t\t\t<p><span class=\"wpcf7-form-control-wrap\" data-name=\"your-message\"><textarea cols=\"40\" rows=\"10\" maxlength=\"2000\" class=\"wpcf7-form-control wpcf7-textarea\" aria-invalid=\"false\" placeholder=\"Ihre nachricht\" name=\"your-message\"><\/textarea><\/span>\n\t\t\t<\/p>\n\t\t<\/div>\n\t<\/div>\n\t<div class=\"form-row\">\n\t\t<div class=\"column-full\">\n\t\t\t<p><span class=\"wpcf7-form-control-wrap\" data-name=\"acceptance-932\"><span class=\"wpcf7-form-control wpcf7-acceptance\"><span class=\"wpcf7-list-item\"><label><input type=\"checkbox\" name=\"acceptance-932\" value=\"1\" aria-invalid=\"false\" \/><span class=\"wpcf7-list-item-label\">Ich habe die Nutzungsbedingungen und die <a href=\"\/politicas-de-privacidad\/\">Datenschutzrichtlinie gelesen und akzeptiere sie<\/a><\/span><\/label><\/span><\/span><\/span>\n\t\t\t<\/p>\n\t\t<\/div>\n\t<\/div>\n\t<div class=\"form-row\">\n\t\t<div class=\"column-full\">\n\t\t\t<p><input class=\"wpcf7-form-control wpcf7-submit has-spinner\" type=\"submit\" value=\"Senden\" \/>\n\t\t\t<\/p>\n\t\t<\/div>\n\t<\/div>\n<\/div><!--end responsive-form--><div class=\"wpcf7-response-output\" aria-hidden=\"true\"><\/div>\n<\/form>\n<\/div>\n[\/vc_cta][\/vc_column_inner][vc_column_inner width=&#8221;1\/6&#8243;][\/vc_column_inner][\/vc_row_inner][\/vc_column][\/vc_row][vc_row full_width=&#8221;stretch_row_content&#8221; css=&#8221;.vc_custom_1667388295130{background-position: 0 0 !important;background-repeat: repeat !important;}&#8221; el_id=&#8221;contacto&#8221;][vc_column css=&#8221;.vc_custom_1667388405041{margin-bottom: 0px !important;padding-top: 50px !important;padding-bottom: 25px !important;background-image: url(https:\/\/mallorcahealthy.com\/wp-content\/uploads\/2017\/11\/bg2.png?id=57) !important;background-position: 0 0 !important;background-repeat: repeat !important;}&#8221; offset=&#8221;vc_hidden-lg vc_hidden-md&#8221;][vc_row_inner equal_height=&#8221;yes&#8221;][vc_column_inner][vc_cta h2=&#8221;Noch Fragen offen&#8221; h2_font_container=&#8221;tag:h2|font_size:45px|text_align:center|color:%23dcb47e|line_height:1.2&#8243; h2_google_fonts=&#8221;font_family:Playfair%20Display%3Aregular%2Citalic%2C700%2C700italic%2C900%2C900italic|font_style:400%20italic%3A400%3Aitalic&#8221; h4=&#8221;Kontaktieren Sie uns, es wird uns eine Freude sein Ihnen zu helfen.&#8221; txt_align=&#8221;center&#8221; shape=&#8221;square&#8221; style=&#8221;custom&#8221; el_width=&#8221;xl&#8221; use_custom_fonts_h2=&#8221;true&#8221; custom_background=&#8221;rgba(0,0,0,0.01)&#8221; css=&#8221;.vc_custom_1670922238368{border-top-width: 0px !important;border-right-width: 0px !important;border-bottom-width: 0px !important;border-left-width: 0px !important;padding-top: 30px !important;padding-right: 30px !important;padding-bottom: 30px !important;padding-left: 30px !important;background-color: #263238 !important;border-left-style: none !important;border-right-style: none !important;border-top-style: none !important;border-bottom-style: none !important;}&#8221; custom_text=&#8221;#dcb47e&#8221;]<\/p>\n<article class=\"byt_address_widget BookYourTravel_Address_Widget\" style=\"padding-bottom: 30px;\"><em><i class=\"material-icons md-16\">place<\/i><\/em> Moliners 1, 1 ero A, 07001 Palma de Mallorca, Islas Baleares<em><br \/>\n<i class=\"material-icons md-16\">email<\/i><\/em> <a id=\"mail001\" title=\"hola@fidelc26.sg-host.com\" href=\"mailto:hola@fidelc26.sg-host.com\">hola@fidelc26.sg-host.com<\/a><\/article>\n<div class=\"wpcf7 no-js\" id=\"wpcf7-f1169-o2\" lang=\"de-DE\" dir=\"ltr\" data-wpcf7-id=\"1169\">\n<div class=\"screen-reader-response\"><p role=\"status\" aria-live=\"polite\" aria-atomic=\"true\"><\/p> <ul><\/ul><\/div>\n<form action=\"\/de\/wp-json\/wp\/v2\/pages\/1221#wpcf7-f1169-o2\" method=\"post\" class=\"wpcf7-form init\" aria-label=\"Contact form\" novalidate=\"novalidate\" data-status=\"init\">\n<fieldset class=\"hidden-fields-container\"><input type=\"hidden\" name=\"_wpcf7\" value=\"1169\" \/><input type=\"hidden\" name=\"_wpcf7_version\" value=\"6.1.5\" \/><input type=\"hidden\" name=\"_wpcf7_locale\" value=\"de_DE\" \/><input type=\"hidden\" name=\"_wpcf7_unit_tag\" value=\"wpcf7-f1169-o2\" \/><input type=\"hidden\" name=\"_wpcf7_container_post\" value=\"0\" \/><input type=\"hidden\" name=\"_wpcf7_posted_data_hash\" value=\"\" \/>\n<\/fieldset>\n<div id=\"responsive-form\" class=\"clearfix\">\n\t<div class=\"form-row\">\n\t\t<div class=\"column-half\">\n\t\t\t<p><span class=\"wpcf7-form-control-wrap\" data-name=\"first-name\"><input size=\"40\" maxlength=\"400\" class=\"wpcf7-form-control wpcf7-text wpcf7-validates-as-required\" aria-required=\"true\" aria-invalid=\"false\" placeholder=\"Name\" value=\"\" type=\"text\" name=\"first-name\" \/><\/span>\n\t\t\t<\/p>\n\t\t<\/div>\n\t\t<div class=\"column-half\">\n\t\t\t<p><span class=\"wpcf7-form-control-wrap\" data-name=\"last-name\"><input size=\"40\" maxlength=\"400\" class=\"wpcf7-form-control wpcf7-text wpcf7-validates-as-required\" aria-required=\"true\" aria-invalid=\"false\" placeholder=\"Nachnamen\" value=\"\" type=\"text\" name=\"last-name\" \/><\/span>\n\t\t\t<\/p>\n\t\t<\/div>\n\t<\/div>\n\t<div class=\"form-row\">\n\t\t<div class=\"column-half\">\n\t\t\t<p><span class=\"wpcf7-form-control-wrap\" data-name=\"your-email\"><input size=\"40\" maxlength=\"400\" class=\"wpcf7-form-control wpcf7-email wpcf7-validates-as-required wpcf7-text wpcf7-validates-as-email\" aria-required=\"true\" aria-invalid=\"false\" placeholder=\"Email\" value=\"\" type=\"email\" name=\"your-email\" \/><\/span>\n\t\t\t<\/p>\n\t\t<\/div>\n\t\t<div class=\"column-half\">\n\t\t\t<p><span class=\"wpcf7-form-control-wrap\" data-name=\"your-phone\"><input size=\"40\" maxlength=\"400\" class=\"wpcf7-form-control wpcf7-text wpcf7-validates-as-required\" aria-required=\"true\" aria-invalid=\"false\" placeholder=\"Telefon\" value=\"\" type=\"text\" name=\"your-phone\" \/><\/span>\n\t\t\t<\/p>\n\t\t<\/div>\n\t<\/div>\n\t<div class=\"form-row\">\n\t\t<div class=\"column-full\">\n\t\t\t<p><span class=\"wpcf7-form-control-wrap\" data-name=\"your-message\"><textarea cols=\"40\" rows=\"10\" maxlength=\"2000\" class=\"wpcf7-form-control wpcf7-textarea\" aria-invalid=\"false\" placeholder=\"Ihre nachricht\" name=\"your-message\"><\/textarea><\/span>\n\t\t\t<\/p>\n\t\t<\/div>\n\t<\/div>\n\t<div class=\"form-row\">\n\t\t<div class=\"column-full\">\n\t\t\t<p><span class=\"wpcf7-form-control-wrap\" data-name=\"acceptance-932\"><span class=\"wpcf7-form-control wpcf7-acceptance\"><span class=\"wpcf7-list-item\"><label><input type=\"checkbox\" name=\"acceptance-932\" value=\"1\" aria-invalid=\"false\" \/><span class=\"wpcf7-list-item-label\">Ich habe die Nutzungsbedingungen und die <a href=\"\/politicas-de-privacidad\/\">Datenschutzrichtlinie gelesen und akzeptiere sie<\/a><\/span><\/label><\/span><\/span><\/span>\n\t\t\t<\/p>\n\t\t<\/div>\n\t<\/div>\n\t<div class=\"form-row\">\n\t\t<div class=\"column-full\">\n\t\t\t<p><input class=\"wpcf7-form-control wpcf7-submit has-spinner\" type=\"submit\" value=\"Senden\" \/>\n\t\t\t<\/p>\n\t\t<\/div>\n\t<\/div>\n<\/div><!--end responsive-form--><div class=\"wpcf7-response-output\" aria-hidden=\"true\"><\/div>\n<\/form>\n<\/div>\n[\/vc_cta][\/vc_column_inner][\/vc_row_inner][\/vc_column][\/vc_row]<\/p>\n","protected":false},"excerpt":{"rendered":"<p>[vc_row content_placement=&#8221;middle&#8221; css=&#8221;.vc_custom_1667388800776{margin-top: 50px !important;margin-bottom: 50px !important;}&#8221;][vc_column width=&#8221;1\/2&#8243;][vc_single_image image=&#8221;1019&#8243; img_size=&#8221;full&#8221; alignment=&#8221;center&#8221;][\/vc_column][vc_column width=&#8221;1\/2&#8243;][vc_custom_heading text=&#8221;Digitaler Entzug in einem Kloster in Italien&#8221; font_container=&#8221;tag:h2|font_size:3em|text_align:left|color:%23dcb47e|line_height:1&#8243; google_fonts=&#8221;font_family:Playfair%20Display%3Aregular%2Citalic%2C700%2C700italic%2C900%2C900italic|font_style:400%20italic%3A400%3Aitalic&#8221; el_class=&#8221;movil-center&#8221;][vc_column_text el_class=&#8221;movil-center&#8221;]Ein einzigartiger Ort, an dem Luxus das Wort ist, das diesen Raum am besten beschreibt, ein besonderes Kloster, in dem Sie einige Tage der Erholung und Entspannung verbringen k\u00f6nnen, weit weg vom L\u00e4rm [&hellip;]<\/p>\n","protected":false},"author":27,"featured_media":0,"parent":1184,"menu_order":0,"comment_status":"closed","ping_status":"closed","template":"page-blank.php","meta":{"_joinchat":[],"footnotes":""},"class_list":["post-1221","page","type-page","status-publish","hentry"],"yoast_head":"<!-- This site is optimized with the Yoast SEO plugin v27.2 - https:\/\/yoast.com\/product\/yoast-seo-wordpress\/ -->\n<title>Digitaler Entzug in einem Kloster in Italien - Mallorca Healthy<\/title>\n<meta name=\"robots\" content=\"index, follow, max-snippet:-1, max-image-preview:large, max-video-preview:-1\" \/>\n<link rel=\"canonical\" href=\"https:\/\/mallorcahealthy.com\/de\/reisen\/digitaler-entzug-in-einem-kloster-in-italien\/\" \/>\n<meta property=\"og:locale\" content=\"de_DE\" \/>\n<meta property=\"og:type\" content=\"article\" \/>\n<meta property=\"og:title\" content=\"Digitaler Entzug in einem Kloster in Italien - Mallorca Healthy\" \/>\n<meta property=\"og:description\" content=\"[vc_row content_placement=&#8221;middle&#8221; css=&#8221;.vc_custom_1667388800776{margin-top: 50px !important;margin-bottom: 50px !important;}&#8221;][vc_column width=&#8221;1\/2&#8243;][vc_single_image image=&#8221;1019&#8243; img_size=&#8221;full&#8221; alignment=&#8221;center&#8221;][\/vc_column][vc_column width=&#8221;1\/2&#8243;][vc_custom_heading text=&#8221;Digitaler Entzug in einem Kloster in Italien&#8221; font_container=&#8221;tag:h2|font_size:3em|text_align:left|color:%23dcb47e|line_height:1&#8243; google_fonts=&#8221;font_family:Playfair%20Display%3Aregular%2Citalic%2C700%2C700italic%2C900%2C900italic|font_style:400%20italic%3A400%3Aitalic&#8221; el_class=&#8221;movil-center&#8221;][vc_column_text el_class=&#8221;movil-center&#8221;]Ein einzigartiger Ort, an dem Luxus das Wort ist, das diesen Raum am besten beschreibt, ein besonderes Kloster, in dem Sie einige Tage der Erholung und Entspannung verbringen k\u00f6nnen, weit weg vom L\u00e4rm [&hellip;]\" \/>\n<meta property=\"og:url\" content=\"https:\/\/mallorcahealthy.com\/de\/reisen\/digitaler-entzug-in-einem-kloster-in-italien\/\" \/>\n<meta property=\"og:site_name\" content=\"Mallorca Healthy\" \/>\n<meta property=\"article:modified_time\" content=\"2023-11-27T09:59:49+00:00\" \/>\n<meta property=\"og:image\" content=\"https:\/\/mallorcahealthy.com\/wp-content\/uploads\/2023\/01\/Logo-Mallorca-Healthy-social-fav.png\" \/>\n\t<meta property=\"og:image:width\" content=\"1000\" \/>\n\t<meta property=\"og:image:height\" content=\"500\" \/>\n\t<meta property=\"og:image:type\" content=\"image\/png\" \/>\n<meta name=\"twitter:card\" content=\"summary_large_image\" \/>\n<meta name=\"twitter:label1\" content=\"Est. reading time\" \/>\n\t<meta name=\"twitter:data1\" content=\"2 minutes\" \/>\n<script type=\"application\/ld+json\" class=\"yoast-schema-graph\">{\"@context\":\"https:\/\/schema.org\",\"@graph\":[{\"@type\":\"WebPage\",\"@id\":\"https:\/\/mallorcahealthy.com\/de\/reisen\/digitaler-entzug-in-einem-kloster-in-italien\/\",\"url\":\"https:\/\/mallorcahealthy.com\/de\/reisen\/digitaler-entzug-in-einem-kloster-in-italien\/\",\"name\":\"Digitaler Entzug in einem Kloster in Italien - Mallorca Healthy\",\"isPartOf\":{\"@id\":\"https:\/\/mallorcahealthy.com\/#website\"},\"datePublished\":\"2022-11-18T07:52:59+00:00\",\"dateModified\":\"2023-11-27T09:59:49+00:00\",\"breadcrumb\":{\"@id\":\"https:\/\/mallorcahealthy.com\/de\/reisen\/digitaler-entzug-in-einem-kloster-in-italien\/#breadcrumb\"},\"inLanguage\":\"de-DE\",\"potentialAction\":[{\"@type\":\"ReadAction\",\"target\":[\"https:\/\/mallorcahealthy.com\/de\/reisen\/digitaler-entzug-in-einem-kloster-in-italien\/\"]}]},{\"@type\":\"BreadcrumbList\",\"@id\":\"https:\/\/mallorcahealthy.com\/de\/reisen\/digitaler-entzug-in-einem-kloster-in-italien\/#breadcrumb\",\"itemListElement\":[{\"@type\":\"ListItem\",\"position\":1,\"name\":\"Home\",\"item\":\"https:\/\/mallorcahealthy.com\/de\/\"},{\"@type\":\"ListItem\",\"position\":2,\"name\":\"Reisen\",\"item\":\"https:\/\/mallorcahealthy.com\/de\/reisen\/\"},{\"@type\":\"ListItem\",\"position\":3,\"name\":\"Digitaler Entzug in einem Kloster in Italien\"}]},{\"@type\":\"WebSite\",\"@id\":\"https:\/\/mallorcahealthy.com\/#website\",\"url\":\"https:\/\/mallorcahealthy.com\/\",\"name\":\"Mallorca Healthy\",\"description\":\"By Kika Mas\",\"publisher\":{\"@id\":\"https:\/\/mallorcahealthy.com\/#organization\"},\"potentialAction\":[{\"@type\":\"SearchAction\",\"target\":{\"@type\":\"EntryPoint\",\"urlTemplate\":\"https:\/\/mallorcahealthy.com\/?s={search_term_string}\"},\"query-input\":{\"@type\":\"PropertyValueSpecification\",\"valueRequired\":true,\"valueName\":\"search_term_string\"}}],\"inLanguage\":\"de-DE\"},{\"@type\":\"Organization\",\"@id\":\"https:\/\/mallorcahealthy.com\/#organization\",\"name\":\"Mallorca Healthy\",\"url\":\"https:\/\/mallorcahealthy.com\/\",\"logo\":{\"@type\":\"ImageObject\",\"inLanguage\":\"de-DE\",\"@id\":\"https:\/\/mallorcahealthy.com\/#\/schema\/logo\/image\/\",\"url\":\"https:\/\/mallorcahealthy.com\/wp-content\/uploads\/2022\/11\/Logo-Mallorca-Healthy-1.png\",\"contentUrl\":\"https:\/\/mallorcahealthy.com\/wp-content\/uploads\/2022\/11\/Logo-Mallorca-Healthy-1.png\",\"width\":450,\"height\":175,\"caption\":\"Mallorca Healthy\"},\"image\":{\"@id\":\"https:\/\/mallorcahealthy.com\/#\/schema\/logo\/image\/\"}}]}<\/script>\n<!-- \/ Yoast SEO plugin. -->","yoast_head_json":{"title":"Digitaler Entzug in einem Kloster in Italien - Mallorca Healthy","robots":{"index":"index","follow":"follow","max-snippet":"max-snippet:-1","max-image-preview":"max-image-preview:large","max-video-preview":"max-video-preview:-1"},"canonical":"https:\/\/mallorcahealthy.com\/de\/reisen\/digitaler-entzug-in-einem-kloster-in-italien\/","og_locale":"de_DE","og_type":"article","og_title":"Digitaler Entzug in einem Kloster in Italien - Mallorca Healthy","og_description":"[vc_row content_placement=&#8221;middle&#8221; css=&#8221;.vc_custom_1667388800776{margin-top: 50px !important;margin-bottom: 50px !important;}&#8221;][vc_column width=&#8221;1\/2&#8243;][vc_single_image image=&#8221;1019&#8243; img_size=&#8221;full&#8221; alignment=&#8221;center&#8221;][\/vc_column][vc_column width=&#8221;1\/2&#8243;][vc_custom_heading text=&#8221;Digitaler Entzug in einem Kloster in Italien&#8221; font_container=&#8221;tag:h2|font_size:3em|text_align:left|color:%23dcb47e|line_height:1&#8243; google_fonts=&#8221;font_family:Playfair%20Display%3Aregular%2Citalic%2C700%2C700italic%2C900%2C900italic|font_style:400%20italic%3A400%3Aitalic&#8221; el_class=&#8221;movil-center&#8221;][vc_column_text el_class=&#8221;movil-center&#8221;]Ein einzigartiger Ort, an dem Luxus das Wort ist, das diesen Raum am besten beschreibt, ein besonderes Kloster, in dem Sie einige Tage der Erholung und Entspannung verbringen k\u00f6nnen, weit weg vom L\u00e4rm [&hellip;]","og_url":"https:\/\/mallorcahealthy.com\/de\/reisen\/digitaler-entzug-in-einem-kloster-in-italien\/","og_site_name":"Mallorca Healthy","article_modified_time":"2023-11-27T09:59:49+00:00","og_image":[{"width":1000,"height":500,"url":"https:\/\/mallorcahealthy.com\/wp-content\/uploads\/2023\/01\/Logo-Mallorca-Healthy-social-fav.png","type":"image\/png"}],"twitter_card":"summary_large_image","twitter_misc":{"Est. reading time":"2 minutes"},"schema":{"@context":"https:\/\/schema.org","@graph":[{"@type":"WebPage","@id":"https:\/\/mallorcahealthy.com\/de\/reisen\/digitaler-entzug-in-einem-kloster-in-italien\/","url":"https:\/\/mallorcahealthy.com\/de\/reisen\/digitaler-entzug-in-einem-kloster-in-italien\/","name":"Digitaler Entzug in einem Kloster in Italien - Mallorca Healthy","isPartOf":{"@id":"https:\/\/mallorcahealthy.com\/#website"},"datePublished":"2022-11-18T07:52:59+00:00","dateModified":"2023-11-27T09:59:49+00:00","breadcrumb":{"@id":"https:\/\/mallorcahealthy.com\/de\/reisen\/digitaler-entzug-in-einem-kloster-in-italien\/#breadcrumb"},"inLanguage":"de-DE","potentialAction":[{"@type":"ReadAction","target":["https:\/\/mallorcahealthy.com\/de\/reisen\/digitaler-entzug-in-einem-kloster-in-italien\/"]}]},{"@type":"BreadcrumbList","@id":"https:\/\/mallorcahealthy.com\/de\/reisen\/digitaler-entzug-in-einem-kloster-in-italien\/#breadcrumb","itemListElement":[{"@type":"ListItem","position":1,"name":"Home","item":"https:\/\/mallorcahealthy.com\/de\/"},{"@type":"ListItem","position":2,"name":"Reisen","item":"https:\/\/mallorcahealthy.com\/de\/reisen\/"},{"@type":"ListItem","position":3,"name":"Digitaler Entzug in einem Kloster in Italien"}]},{"@type":"WebSite","@id":"https:\/\/mallorcahealthy.com\/#website","url":"https:\/\/mallorcahealthy.com\/","name":"Mallorca Healthy","description":"By Kika Mas","publisher":{"@id":"https:\/\/mallorcahealthy.com\/#organization"},"potentialAction":[{"@type":"SearchAction","target":{"@type":"EntryPoint","urlTemplate":"https:\/\/mallorcahealthy.com\/?s={search_term_string}"},"query-input":{"@type":"PropertyValueSpecification","valueRequired":true,"valueName":"search_term_string"}}],"inLanguage":"de-DE"},{"@type":"Organization","@id":"https:\/\/mallorcahealthy.com\/#organization","name":"Mallorca Healthy","url":"https:\/\/mallorcahealthy.com\/","logo":{"@type":"ImageObject","inLanguage":"de-DE","@id":"https:\/\/mallorcahealthy.com\/#\/schema\/logo\/image\/","url":"https:\/\/mallorcahealthy.com\/wp-content\/uploads\/2022\/11\/Logo-Mallorca-Healthy-1.png","contentUrl":"https:\/\/mallorcahealthy.com\/wp-content\/uploads\/2022\/11\/Logo-Mallorca-Healthy-1.png","width":450,"height":175,"caption":"Mallorca Healthy"},"image":{"@id":"https:\/\/mallorcahealthy.com\/#\/schema\/logo\/image\/"}}]}},"_links":{"self":[{"href":"https:\/\/mallorcahealthy.com\/de\/wp-json\/wp\/v2\/pages\/1221","targetHints":{"allow":["GET"]}}],"collection":[{"href":"https:\/\/mallorcahealthy.com\/de\/wp-json\/wp\/v2\/pages"}],"about":[{"href":"https:\/\/mallorcahealthy.com\/de\/wp-json\/wp\/v2\/types\/page"}],"author":[{"embeddable":true,"href":"https:\/\/mallorcahealthy.com\/de\/wp-json\/wp\/v2\/users\/27"}],"replies":[{"embeddable":true,"href":"https:\/\/mallorcahealthy.com\/de\/wp-json\/wp\/v2\/comments?post=1221"}],"version-history":[{"count":0,"href":"https:\/\/mallorcahealthy.com\/de\/wp-json\/wp\/v2\/pages\/1221\/revisions"}],"up":[{"embeddable":true,"href":"https:\/\/mallorcahealthy.com\/de\/wp-json\/wp\/v2\/pages\/1184"}],"wp:attachment":[{"href":"https:\/\/mallorcahealthy.com\/de\/wp-json\/wp\/v2\/media?parent=1221"}],"curies":[{"name":"wp","href":"https:\/\/api.w.org\/{rel}","templated":true}]}}