{"id":1316,"date":"2017-11-30T09:15:28","date_gmt":"2017-11-30T09:15:28","guid":{"rendered":"https:\/\/mallorcahealthy.com\/quienes-somos\/"},"modified":"2022-12-13T11:18:41","modified_gmt":"2022-12-13T10:18:41","slug":"ueber-uns","status":"publish","type":"page","link":"https:\/\/mallorcahealthy.com\/de\/ueber-uns\/","title":{"rendered":"\u00dcber uns"},"content":{"rendered":"<p>[vc_row css=&#8221;.vc_custom_1541614007291{padding-top: 40px !important;padding-bottom: 60px !important;}&#8221;][vc_column][vc_cta h2=&#8221;Mallorca Healthy entstand aus einer Idee von Kika Mas&#8221; h2_font_container=&#8221;tag:h2|font_size:3em|text_align:left|color:%23dcb47e|line_height:1.2&#8243; h2_google_fonts=&#8221;font_family:Playfair%20Display%3Aregular%2Citalic%2C700%2C700italic%2C900%2C900italic|font_style:400%20italic%3A400%3Aitalic&#8221; h4=&#8221;\u201cEingeborener Mallorquiner\u201d, so wurde ich von Fritjof Capra bei einem seiner Besuche auf Mallorca getauft.&#8221; shape=&#8221;square&#8221; style=&#8221;custom&#8221; use_custom_fonts_h2=&#8221;true&#8221; custom_background=&#8221;rgba(0,0,0,0.01)&#8221; css=&#8221;.vc_custom_1670849839238{margin-bottom: 0px !important;border-top-width: 0px !important;border-right-width: 0px !important;border-bottom-width: 0px !important;border-left-width: 0px !important;padding-top: 0px !important;padding-bottom: 0px !important;border-left-style: none !important;border-right-style: none !important;border-top-style: none !important;border-bottom-style: none !important;}&#8221; el_class=&#8221;movil-center&#8221;][\/vc_cta][\/vc_column][\/vc_row][vc_row content_placement=&#8221;middle&#8221;][vc_column width=&#8221;1\/2&#8243;][vc_single_image image=&#8221;1146&#8243; img_size=&#8221;full&#8221; alignment=&#8221;center&#8221;][\/vc_column][vc_column width=&#8221;1\/2&#8243;][vc_column_text el_class=&#8221;movil-center&#8221;]Mein Geburtsort ist ein kleines Dorf namens Maria de la Salud ( Maria der Gesundheit ), und alles, was ich dort erlebte, hat irgendwie die mediterrane Essenz in mir verankert. Die Suche nach Wissen, im Alter von 22 Jahren, \u00fcber verschiedene Traditionen und Philosophien auf der ganzen Welt hat ein Gewebe gebildet, aus dem dieser kollaborative Raum namens Mallorca Healthy entstanden ist.<\/p>\n<p>Mitarbeiterin der Heiligen Kreise der weisen Gro\u00dfv\u00e4ter und Gro\u00dfm\u00fctter des Planeten Erde, die in ganz S\u00fcdamerika von den h\u00f6chsten Vertretern der indigenen St\u00e4mme organisiert werden.<br \/>\nMitarbeiterin bei der Erweckung der \u201c Wakas \u201c in Peru, die durch die Aktivierung ritueller Punkte, welche w\u00e4hrend der Eroberung Amerikas blockiert wurden, die Harmonie zwischen den Meridianen der Erde aufrechterhalten.<\/p>\n<p>Besuche bei verschiedenen einheimischen Kulturen in Brasilien, Kanada, Argentinien w\u00e4hrend der letzten 15 Jahre, Senegal, Chile und weiterhin Reisen nach Peru und Bolivien seit 20 Jahren, Ich habe mit indigenen Gemeinschaften gelebt und Kraftorte an vielen Ecken der Welt besucht, zum\u00a0Beispiel, in Indien, Irland, Nepal, Mexico, Iron Island, Argentinien, Bolivien, Chile, Thailand&#8230;.<\/p>\n<p>Heilige Pilgerfahrten nach:<\/p>\n<ul>\n<li>Indien, um den Ort zu besuchen, an dem Buddha geboren und erleuchtet wurde und wo er seine erste Predigt hielt, sowie das Kumbamelha-Festival.<\/li>\n<li>Camino de Santiago in Spanien.<\/li>\n<li>Klassisches Griechenland und Dodekanes-Inseln, den Asklepium-Tempel des Hippokrates und die Ionischen Inseln.<\/li>\n<li>Pilgereisen zu heiligen St\u00e4tten in S\u00fcdamerika<\/li>\n<\/ul>\n<p>[\/vc_column_text][\/vc_column][\/vc_row][vc_row content_placement=&#8221;middle&#8221; css=&#8221;.vc_custom_1668756511451{padding-bottom: 0px !important;}&#8221;][vc_column width=&#8221;1\/2&#8243;][vc_column_text el_class=&#8221;movil-center&#8221;]Treffen zu den Themen Nachhaltigkeit, Umweltbewusstsein und pers\u00f6nliche Entwicklung:<\/p>\n<ul>\n<li>Terra Madre in Turin, gef\u00f6rdert von Carlo Petrini von der Slow Food Bewegung, Hippocrates-Institut im Bundesstatt Florida, USA.<\/li>\n<li>Besuch des Krankenhauses La Pradera in Kuba.m<\/li>\n<li>Assistentin in Barcelona bei den Treffen der Excellent Conference mit Alejandro Jodorowski, Edgar Tolle, Alex Rovira<\/li>\n<li>Freiwillige Helferin bei der Vicente Ferrer Stiftung in Indien.<\/li>\n<li>Mitarbeitern in Barcelona und darauffolgend Organisatorin der Veranstaltung &#8220;Pasi\u00f3n Culinaria&#8221; auf Mallorca.<\/li>\n<li>Zusammenarbeit mit der Fundaci\u00f3n Premios Verdes Internaciones de Valencia der Fundaci\u00f3n Jose Navarro, Hilfe bei der Organisation von Vortr\u00e4gen und Aktivit\u00e4ten f\u00fcr ihre verschiedenen Kr\u00e4uterspezialisten auf Mallorca.<\/li>\n<li>Mitarbeiterin an &#8220;Erziehung zum Leben&#8221; mit Vandana Shiva, Satish Kumar, Fritjof Capra und Gunter Pauli.<\/li>\n<\/ul>\n<p>Ich bilde mich weiter, indem ich verschiedene Orte besuche und an Fortbildungen teilnehme.<\/p>\n<p>Ich beschloss, Reisen zu organisieren und Gesundheitsprogramme auf Mallorca zu entwerfen, nachdem ich eine &#8220;Visionssuche&#8221; in den Anden unternommen hatte, ein Ritual aus der Tradition der Lakota-Indianer. Die Vision, die ich durch das Fasten und die Isolation f\u00fcr drei N\u00e4chte und vier Tage ohne Essen und Trinken erhielt, zeigte mir eines meiner Lebensziele: die Organisation von Transformationsreisen f\u00fcr Gruppen.[\/vc_column_text][\/vc_column][vc_column width=&#8221;1\/2&#8243;][vc_single_image image=&#8221;1149&#8243; img_size=&#8221;full&#8221; alignment=&#8221;center&#8221;][\/vc_column][\/vc_row][vc_row css=&#8221;.vc_custom_1668756502983{padding-top: 0px !important;}&#8221;][vc_column][vc_column_text el_class=&#8221;movil-center&#8221;]Reisen mit einem neuen Paradigma, weit weg vom Massentourismus, mit einem heiligen Charakter, einem humanit\u00e4ren, l\u00e4ndlichen und nachhaltigen Tourismus, verantwortungsvoll, partizipativ, regenerativ, solidarisch, ein langsames Reisen, das uns zu uns selbst f\u00fchrt.<\/p>\n<p>Jetzt habe ich mein eigenes Therapiezentrum in Palma de Mallorca, wo ich als Heilpraktikerin und ganzheitliche Wellness-Beraterin arbeite, mit mehr als 20 Jahren Erfahrung in der Betreuung von Spitzensportlern, ber\u00fchmten Musikern, K\u00fcnstlern und unz\u00e4hligen anderen Menschen, wobei ich die Zahl von 5000 zufriedenen Kunden erreicht habe.<\/p>\n<p>Und jetzt erf\u00fclle ich mir einen weiteren Traum. Vor Jahren fragte mich die Designerin Sybilla Kika, was mein Traum sei, und ich antwortete: Ich w\u00fcrde gerne unsere geliebte Insel Mallorca gr\u00fcn und nachhaltig sehen; und alle Einwohner gl\u00fccklich und gesund.[\/vc_column_text][\/vc_column][\/vc_row][vc_row css=&#8221;.vc_custom_1541614007291{padding-top: 40px !important;padding-bottom: 60px !important;}&#8221;][vc_column][vc_custom_heading text=&#8221;Und nun habe ich mir erlaubt, zusammen mit einer Gruppe von Freunden diesen Traum zu verwirklichen, indem ich eine Reihe von Erlebnissen anbiete, die zur Regeneration der Insel Mallorca beitragen.&#8221; font_container=&#8221;tag:h2|font_size:3em|text_align:left|color:%23dcb47e|line_height:1&#8243; google_fonts=&#8221;font_family:Playfair%20Display%3Aregular%2Citalic%2C700%2C700italic%2C900%2C900italic|font_style:400%20italic%3A400%3Aitalic&#8221; el_class=&#8221;movil-center&#8221;][\/vc_column][\/vc_row][vc_row full_width=&#8221;stretch_row&#8221; css=&#8221;.vc_custom_1669371998836{padding-top: 50px !important;background-color: #dcb47e !important;}&#8221;][vc_column][vc_custom_heading text=&#8221;Mission und Vision&#8221; font_container=&#8221;tag:h2|font_size:3em|text_align:center|color:%23000000|line_height:1&#8243; google_fonts=&#8221;font_family:Playfair%20Display%3Aregular%2Citalic%2C700%2C700italic%2C900%2C900italic|font_style:400%20italic%3A400%3Aitalic&#8221; el_class=&#8221;movil-center&#8221;][vc_empty_space height=&#8221;30px&#8221;][vc_row_inner][vc_column_inner width=&#8221;1\/3&#8243;][vc_column_text el_class=&#8221;movil-center&#8221;]<span style=\"color: #000000;\">Optimale Nutzung der Umweltressourcen, die ein Schl\u00fcsselelement f\u00fcr die Entwicklung des Tourismus sind, Erhaltung wesentlicher \u00f6kologischer Prozesse und Beitrag zur Erhaltung des nat\u00fcrlichen Erbes und der biologischen Vielfalt.<\/span>[\/vc_column_text][\/vc_column_inner][vc_column_inner width=&#8221;1\/3&#8243;][vc_column_text el_class=&#8221;movil-center&#8221;]<span style=\"color: #000000;\">Respekt gegen\u00fcber der soziokulturellen Authentizit\u00e4t der Gastgemeinde und Ihrer traditionellen Werte, Bewahrung des konstruierten und gelebten kulturellen Erbes und Beitrag zu interkulturellem Verst\u00e4ndnis und Toleranz.<\/span>[\/vc_column_text][\/vc_column_inner][vc_column_inner width=&#8221;1\/3&#8243;][vc_column_text el_class=&#8221;movil-center&#8221;]<span style=\"color: #000000;\">Gleichm\u00e4\u00dfig verteilte Vorteile f\u00fcr alle Beteiligten, einschlie\u00dflich stabiler Arbeits- und Einkommensm\u00f6glichkeiten, sowie sozialer Dienste f\u00fcr die gastgebenden Kommunen und Beitrag zur Armutsbek\u00e4mpfung.<\/span>[\/vc_column_text][\/vc_column_inner][\/vc_row_inner][vc_empty_space height=&#8221;30px&#8221;][vc_row_inner][vc_column_inner width=&#8221;1\/4&#8243;][vc_pie value=&#8221;100&#8243; color=&#8221;custom&#8221; units=&#8221;%&#8221; custom_color=&#8221;#263238&#8243;][vc_custom_heading text=&#8221;Wir verfolgen eine strikte Null Plastik Politik&#8221; font_container=&#8221;tag:h4|font_size:18px|text_align:center|color:%23000000|line_height:1&#8243; google_fonts=&#8221;font_family:Playfair%20Display%3Aregular%2Citalic%2C700%2C700italic%2C900%2C900italic|font_style:700%20bold%20regular%3A700%3Anormal&#8221; el_class=&#8221;movil-center&#8221;][\/vc_column_inner][vc_column_inner width=&#8221;1\/4&#8243;][vc_pie value=&#8221;79&#8243; color=&#8221;custom&#8221; units=&#8221;%&#8221; custom_color=&#8221;#263238&#8243;][vc_custom_heading text=&#8221;Wir haben unseren Carbon Footprint reduziert&#8221; font_container=&#8221;tag:h4|font_size:18px|text_align:center|color:%23000000|line_height:1&#8243; google_fonts=&#8221;font_family:Playfair%20Display%3Aregular%2Citalic%2C700%2C700italic%2C900%2C900italic|font_style:700%20bold%20regular%3A700%3Anormal&#8221; el_class=&#8221;movil-center&#8221;][\/vc_column_inner][vc_column_inner width=&#8221;1\/4&#8243;][vc_pie value=&#8221;65&#8243; color=&#8221;custom&#8221; units=&#8221;%&#8221; custom_color=&#8221;#263238&#8243;][vc_custom_heading text=&#8221;Wir arbeiten mit kleinen lokalen Gesch\u00e4ften&#8221; font_container=&#8221;tag:h4|font_size:18px|text_align:center|color:%23000000|line_height:1&#8243; google_fonts=&#8221;font_family:Playfair%20Display%3Aregular%2Citalic%2C700%2C700italic%2C900%2C900italic|font_style:700%20bold%20regular%3A700%3Anormal&#8221; el_class=&#8221;movil-center&#8221;][\/vc_column_inner][vc_column_inner width=&#8221;1\/4&#8243;][vc_pie value=&#8221;59&#8243; color=&#8221;custom&#8221; units=&#8221;%&#8221; custom_color=&#8221;#263238&#8243;][vc_custom_heading text=&#8221;Wir sch\u00fctzen die Arten und die Tierwelt die vom Aussterben bedroht sind&#8221; font_container=&#8221;tag:h4|font_size:18px|text_align:center|color:%23000000|line_height:1&#8243; google_fonts=&#8221;font_family:Playfair%20Display%3Aregular%2Citalic%2C700%2C700italic%2C900%2C900italic|font_style:700%20bold%20regular%3A700%3Anormal&#8221; el_class=&#8221;movil-center&#8221;][\/vc_column_inner][\/vc_row_inner][vc_empty_space height=&#8221;30px&#8221;][vc_cta h2=&#8221;Die Natur ist kein Ort zum Besuchen; Es ist unsere Heimat.&#8221; h2_font_container=&#8221;tag:h2|font_size:2em|text_align:center|color:%23000000|line_height:1.2&#8243; h2_google_fonts=&#8221;font_family:Playfair%20Display%3Aregular%2Citalic%2C700%2C700italic%2C900%2C900italic|font_style:400%20italic%3A400%3Aitalic&#8221; h4=&#8221;Gary Snyder&#8221; txt_align=&#8221;center&#8221; shape=&#8221;square&#8221; style=&#8221;custom&#8221; el_width=&#8221;xl&#8221; use_custom_fonts_h2=&#8221;true&#8221; custom_text=&#8221;#000000&#8243; css=&#8221;.vc_custom_1670853546754{border-top-width: 0px !important;border-right-width: 0px !important;border-bottom-width: 0px !important;border-left-width: 0px !important;border-left-color: #dcb47e !important;border-right-color: #dcb47e !important;border-top-color: #dcb47e !important;border-bottom-color: #dcb47e !important;}&#8221; custom_background=&#8221;#dcb47e&#8221;][\/vc_cta][\/vc_column][\/vc_row][vc_row full_width=&#8221;stretch_row_content_no_spaces&#8221;][vc_column][vc_masonry_media_grid gap=&#8221;20&#8243; initial_loading_animation=&#8221;none&#8221; grid_id=&#8221;vc_gid:1670926591804-3765c9a5-d4bf-7&#8243; include=&#8221;1012,1006,1009&#8243;][\/vc_column][\/vc_row]<\/p>\n","protected":false},"excerpt":{"rendered":"<p>[vc_row css=&#8221;.vc_custom_1541614007291{padding-top: 40px !important;padding-bottom: 60px !important;}&#8221;][vc_column][vc_cta h2=&#8221;Mallorca Healthy entstand aus einer Idee von Kika Mas&#8221; h2_font_container=&#8221;tag:h2|font_size:3em|text_align:left|color:%23dcb47e|line_height:1.2&#8243; h2_google_fonts=&#8221;font_family:Playfair%20Display%3Aregular%2Citalic%2C700%2C700italic%2C900%2C900italic|font_style:400%20italic%3A400%3Aitalic&#8221; h4=&#8221;\u201cEingeborener Mallorquiner\u201d, so wurde ich von Fritjof Capra bei einem seiner Besuche auf Mallorca getauft.&#8221; shape=&#8221;square&#8221; style=&#8221;custom&#8221; use_custom_fonts_h2=&#8221;true&#8221; custom_background=&#8221;rgba(0,0,0,0.01)&#8221; css=&#8221;.vc_custom_1670849839238{margin-bottom: 0px !important;border-top-width: 0px !important;border-right-width: 0px !important;border-bottom-width: 0px !important;border-left-width: 0px !important;padding-top: 0px !important;padding-bottom: 0px !important;border-left-style: none !important;border-right-style: none !important;border-top-style: [&hellip;]<\/p>\n","protected":false},"author":27,"featured_media":0,"parent":0,"menu_order":0,"comment_status":"closed","ping_status":"closed","template":"page-blank.php","meta":{"_joinchat":[],"footnotes":""},"class_list":["post-1316","page","type-page","status-publish","hentry"],"yoast_head":"<!-- This site is optimized with the Yoast SEO plugin v27.2 - https:\/\/yoast.com\/product\/yoast-seo-wordpress\/ -->\n<title>\u00dcber uns - Mallorca Healthy<\/title>\n<meta name=\"robots\" content=\"index, follow, max-snippet:-1, max-image-preview:large, max-video-preview:-1\" \/>\n<link rel=\"canonical\" href=\"https:\/\/mallorcahealthy.com\/de\/ueber-uns\/\" \/>\n<meta property=\"og:locale\" content=\"de_DE\" \/>\n<meta property=\"og:type\" content=\"article\" \/>\n<meta property=\"og:title\" content=\"\u00dcber uns - Mallorca Healthy\" \/>\n<meta property=\"og:description\" content=\"[vc_row css=&#8221;.vc_custom_1541614007291{padding-top: 40px !important;padding-bottom: 60px !important;}&#8221;][vc_column][vc_cta h2=&#8221;Mallorca Healthy entstand aus einer Idee von Kika Mas&#8221; h2_font_container=&#8221;tag:h2|font_size:3em|text_align:left|color:%23dcb47e|line_height:1.2&#8243; h2_google_fonts=&#8221;font_family:Playfair%20Display%3Aregular%2Citalic%2C700%2C700italic%2C900%2C900italic|font_style:400%20italic%3A400%3Aitalic&#8221; h4=&#8221;\u201cEingeborener Mallorquiner\u201d, so wurde ich von Fritjof Capra bei einem seiner Besuche auf Mallorca getauft.&#8221; shape=&#8221;square&#8221; style=&#8221;custom&#8221; use_custom_fonts_h2=&#8221;true&#8221; custom_background=&#8221;rgba(0,0,0,0.01)&#8221; css=&#8221;.vc_custom_1670849839238{margin-bottom: 0px !important;border-top-width: 0px !important;border-right-width: 0px !important;border-bottom-width: 0px !important;border-left-width: 0px !important;padding-top: 0px !important;padding-bottom: 0px !important;border-left-style: none !important;border-right-style: none !important;border-top-style: [&hellip;]\" \/>\n<meta property=\"og:url\" content=\"https:\/\/mallorcahealthy.com\/de\/ueber-uns\/\" \/>\n<meta property=\"og:site_name\" content=\"Mallorca Healthy\" \/>\n<meta property=\"article:modified_time\" content=\"2022-12-13T10:18:41+00:00\" \/>\n<meta property=\"og:image\" content=\"https:\/\/mallorcahealthy.com\/wp-content\/uploads\/2023\/01\/Logo-Mallorca-Healthy-social-fav.png\" \/>\n\t<meta property=\"og:image:width\" content=\"1000\" \/>\n\t<meta property=\"og:image:height\" content=\"500\" \/>\n\t<meta property=\"og:image:type\" content=\"image\/png\" \/>\n<meta name=\"twitter:card\" content=\"summary_large_image\" \/>\n<meta name=\"twitter:label1\" content=\"Est. reading time\" \/>\n\t<meta name=\"twitter:data1\" content=\"4 minutes\" \/>\n<script type=\"application\/ld+json\" class=\"yoast-schema-graph\">{\"@context\":\"https:\/\/schema.org\",\"@graph\":[{\"@type\":\"WebPage\",\"@id\":\"https:\/\/mallorcahealthy.com\/de\/ueber-uns\/\",\"url\":\"https:\/\/mallorcahealthy.com\/de\/ueber-uns\/\",\"name\":\"\u00dcber uns - Mallorca Healthy\",\"isPartOf\":{\"@id\":\"https:\/\/mallorcahealthy.com\/#website\"},\"datePublished\":\"2017-11-30T09:15:28+00:00\",\"dateModified\":\"2022-12-13T10:18:41+00:00\",\"breadcrumb\":{\"@id\":\"https:\/\/mallorcahealthy.com\/de\/ueber-uns\/#breadcrumb\"},\"inLanguage\":\"de-DE\",\"potentialAction\":[{\"@type\":\"ReadAction\",\"target\":[\"https:\/\/mallorcahealthy.com\/de\/ueber-uns\/\"]}]},{\"@type\":\"BreadcrumbList\",\"@id\":\"https:\/\/mallorcahealthy.com\/de\/ueber-uns\/#breadcrumb\",\"itemListElement\":[{\"@type\":\"ListItem\",\"position\":1,\"name\":\"Home\",\"item\":\"https:\/\/mallorcahealthy.com\/de\/\"},{\"@type\":\"ListItem\",\"position\":2,\"name\":\"\u00dcber uns\"}]},{\"@type\":\"WebSite\",\"@id\":\"https:\/\/mallorcahealthy.com\/#website\",\"url\":\"https:\/\/mallorcahealthy.com\/\",\"name\":\"Mallorca Healthy\",\"description\":\"By Kika Mas\",\"publisher\":{\"@id\":\"https:\/\/mallorcahealthy.com\/#organization\"},\"potentialAction\":[{\"@type\":\"SearchAction\",\"target\":{\"@type\":\"EntryPoint\",\"urlTemplate\":\"https:\/\/mallorcahealthy.com\/?s={search_term_string}\"},\"query-input\":{\"@type\":\"PropertyValueSpecification\",\"valueRequired\":true,\"valueName\":\"search_term_string\"}}],\"inLanguage\":\"de-DE\"},{\"@type\":\"Organization\",\"@id\":\"https:\/\/mallorcahealthy.com\/#organization\",\"name\":\"Mallorca Healthy\",\"url\":\"https:\/\/mallorcahealthy.com\/\",\"logo\":{\"@type\":\"ImageObject\",\"inLanguage\":\"de-DE\",\"@id\":\"https:\/\/mallorcahealthy.com\/#\/schema\/logo\/image\/\",\"url\":\"https:\/\/mallorcahealthy.com\/wp-content\/uploads\/2022\/11\/Logo-Mallorca-Healthy-1.png\",\"contentUrl\":\"https:\/\/mallorcahealthy.com\/wp-content\/uploads\/2022\/11\/Logo-Mallorca-Healthy-1.png\",\"width\":450,\"height\":175,\"caption\":\"Mallorca Healthy\"},\"image\":{\"@id\":\"https:\/\/mallorcahealthy.com\/#\/schema\/logo\/image\/\"}}]}<\/script>\n<!-- \/ Yoast SEO plugin. -->","yoast_head_json":{"title":"\u00dcber uns - Mallorca Healthy","robots":{"index":"index","follow":"follow","max-snippet":"max-snippet:-1","max-image-preview":"max-image-preview:large","max-video-preview":"max-video-preview:-1"},"canonical":"https:\/\/mallorcahealthy.com\/de\/ueber-uns\/","og_locale":"de_DE","og_type":"article","og_title":"\u00dcber uns - Mallorca Healthy","og_description":"[vc_row css=&#8221;.vc_custom_1541614007291{padding-top: 40px !important;padding-bottom: 60px !important;}&#8221;][vc_column][vc_cta h2=&#8221;Mallorca Healthy entstand aus einer Idee von Kika Mas&#8221; h2_font_container=&#8221;tag:h2|font_size:3em|text_align:left|color:%23dcb47e|line_height:1.2&#8243; h2_google_fonts=&#8221;font_family:Playfair%20Display%3Aregular%2Citalic%2C700%2C700italic%2C900%2C900italic|font_style:400%20italic%3A400%3Aitalic&#8221; h4=&#8221;\u201cEingeborener Mallorquiner\u201d, so wurde ich von Fritjof Capra bei einem seiner Besuche auf Mallorca getauft.&#8221; shape=&#8221;square&#8221; style=&#8221;custom&#8221; use_custom_fonts_h2=&#8221;true&#8221; custom_background=&#8221;rgba(0,0,0,0.01)&#8221; css=&#8221;.vc_custom_1670849839238{margin-bottom: 0px !important;border-top-width: 0px !important;border-right-width: 0px !important;border-bottom-width: 0px !important;border-left-width: 0px !important;padding-top: 0px !important;padding-bottom: 0px !important;border-left-style: none !important;border-right-style: none !important;border-top-style: [&hellip;]","og_url":"https:\/\/mallorcahealthy.com\/de\/ueber-uns\/","og_site_name":"Mallorca Healthy","article_modified_time":"2022-12-13T10:18:41+00:00","og_image":[{"width":1000,"height":500,"url":"https:\/\/mallorcahealthy.com\/wp-content\/uploads\/2023\/01\/Logo-Mallorca-Healthy-social-fav.png","type":"image\/png"}],"twitter_card":"summary_large_image","twitter_misc":{"Est. reading time":"4 minutes"},"schema":{"@context":"https:\/\/schema.org","@graph":[{"@type":"WebPage","@id":"https:\/\/mallorcahealthy.com\/de\/ueber-uns\/","url":"https:\/\/mallorcahealthy.com\/de\/ueber-uns\/","name":"\u00dcber uns - Mallorca Healthy","isPartOf":{"@id":"https:\/\/mallorcahealthy.com\/#website"},"datePublished":"2017-11-30T09:15:28+00:00","dateModified":"2022-12-13T10:18:41+00:00","breadcrumb":{"@id":"https:\/\/mallorcahealthy.com\/de\/ueber-uns\/#breadcrumb"},"inLanguage":"de-DE","potentialAction":[{"@type":"ReadAction","target":["https:\/\/mallorcahealthy.com\/de\/ueber-uns\/"]}]},{"@type":"BreadcrumbList","@id":"https:\/\/mallorcahealthy.com\/de\/ueber-uns\/#breadcrumb","itemListElement":[{"@type":"ListItem","position":1,"name":"Home","item":"https:\/\/mallorcahealthy.com\/de\/"},{"@type":"ListItem","position":2,"name":"\u00dcber uns"}]},{"@type":"WebSite","@id":"https:\/\/mallorcahealthy.com\/#website","url":"https:\/\/mallorcahealthy.com\/","name":"Mallorca Healthy","description":"By Kika Mas","publisher":{"@id":"https:\/\/mallorcahealthy.com\/#organization"},"potentialAction":[{"@type":"SearchAction","target":{"@type":"EntryPoint","urlTemplate":"https:\/\/mallorcahealthy.com\/?s={search_term_string}"},"query-input":{"@type":"PropertyValueSpecification","valueRequired":true,"valueName":"search_term_string"}}],"inLanguage":"de-DE"},{"@type":"Organization","@id":"https:\/\/mallorcahealthy.com\/#organization","name":"Mallorca Healthy","url":"https:\/\/mallorcahealthy.com\/","logo":{"@type":"ImageObject","inLanguage":"de-DE","@id":"https:\/\/mallorcahealthy.com\/#\/schema\/logo\/image\/","url":"https:\/\/mallorcahealthy.com\/wp-content\/uploads\/2022\/11\/Logo-Mallorca-Healthy-1.png","contentUrl":"https:\/\/mallorcahealthy.com\/wp-content\/uploads\/2022\/11\/Logo-Mallorca-Healthy-1.png","width":450,"height":175,"caption":"Mallorca Healthy"},"image":{"@id":"https:\/\/mallorcahealthy.com\/#\/schema\/logo\/image\/"}}]}},"_links":{"self":[{"href":"https:\/\/mallorcahealthy.com\/de\/wp-json\/wp\/v2\/pages\/1316","targetHints":{"allow":["GET"]}}],"collection":[{"href":"https:\/\/mallorcahealthy.com\/de\/wp-json\/wp\/v2\/pages"}],"about":[{"href":"https:\/\/mallorcahealthy.com\/de\/wp-json\/wp\/v2\/types\/page"}],"author":[{"embeddable":true,"href":"https:\/\/mallorcahealthy.com\/de\/wp-json\/wp\/v2\/users\/27"}],"replies":[{"embeddable":true,"href":"https:\/\/mallorcahealthy.com\/de\/wp-json\/wp\/v2\/comments?post=1316"}],"version-history":[{"count":0,"href":"https:\/\/mallorcahealthy.com\/de\/wp-json\/wp\/v2\/pages\/1316\/revisions"}],"wp:attachment":[{"href":"https:\/\/mallorcahealthy.com\/de\/wp-json\/wp\/v2\/media?parent=1316"}],"curies":[{"name":"wp","href":"https:\/\/api.w.org\/{rel}","templated":true}]}}